
{"id":6928,"date":"2020-01-27T13:46:31","date_gmt":"2020-01-27T13:46:31","guid":{"rendered":"https:\/\/www.elcedrobarcelona.com\/?page_id=6928"},"modified":"2022-12-05T13:21:47","modified_gmt":"2022-12-05T12:21:47","slug":"prothese-dentaire-sur-implant","status":"publish","type":"page","link":"https:\/\/www.elcedrobarcelona.com\/en\/treatments\/dental-implant\/prothese-dentaire-sur-implant\/","title":{"rendered":"R\u00e9habilitation compl\u00e8te sur implants dentaires"},"content":{"rendered":"","protected":false},"excerpt":{"rendered":"","protected":false},"author":3,"featured_media":0,"parent":2220,"menu_order":0,"comment_status":"closed","ping_status":"closed","template":"template-desoins.php","meta":{"_acf_changed":false,"om_disable_all_campaigns":false,"_monsterinsights_skip_tracking":false,"_monsterinsights_sitenote_active":false,"_monsterinsights_sitenote_note":"","_monsterinsights_sitenote_category":0,"footnotes":""},"class_list":["post-6928","page","type-page","status-publish","hentry"],"acf":[],"yoast_head":"<!-- This site is optimized with the Yoast SEO plugin v27.4 - https:\/\/yoast.com\/product\/yoast-seo-wordpress\/ -->\n<title>Les diff\u00e9rents types de proth\u00e8ses dentaires sur implants<\/title>\n<meta name=\"description\" content=\"Lorsque toutes les dents d&#039;une m\u00e2choire doivent \u00eatre restaur\u00e9es, diff\u00e9rentes proth\u00e8ses dentaires sur implants peuvent \u00eatre envisag\u00e9es. D\u00e9couvrez les !\" \/>\n<meta name=\"robots\" content=\"index, follow, max-snippet:-1, max-image-preview:large, max-video-preview:-1\" \/>\n<link rel=\"canonical\" href=\"https:\/\/www.elcedrobarcelona.com\/en\/treatments\/dental-implant\/prothese-dentaire-sur-implant\/\" \/>\n<meta property=\"og:locale\" content=\"en_US\" \/>\n<meta property=\"og:type\" content=\"article\" \/>\n<meta property=\"og:title\" content=\"Les diff\u00e9rents types de proth\u00e8ses dentaires sur implants\" \/>\n<meta property=\"og:description\" content=\"Lorsque toutes les dents d&#039;une m\u00e2choire doivent \u00eatre restaur\u00e9es, diff\u00e9rentes proth\u00e8ses dentaires sur implants peuvent \u00eatre envisag\u00e9es. D\u00e9couvrez les !\" \/>\n<meta property=\"og:url\" content=\"https:\/\/www.elcedrobarcelona.com\/en\/treatments\/dental-implant\/prothese-dentaire-sur-implant\/\" \/>\n<meta property=\"og:site_name\" content=\"El Cedro\" \/>\n<meta property=\"article:modified_time\" content=\"2022-12-05T12:21:47+00:00\" \/>\n<meta name=\"twitter:card\" content=\"summary_large_image\" \/>\n<script type=\"application\/ld+json\" class=\"yoast-schema-graph\">{\"@context\":\"https:\\\/\\\/schema.org\",\"@graph\":[{\"@type\":\"WebPage\",\"@id\":\"https:\\\/\\\/www.elcedrobarcelona.com\\\/en\\\/treatments\\\/dental-implant\\\/prothese-dentaire-sur-implant\\\/\",\"url\":\"https:\\\/\\\/www.elcedrobarcelona.com\\\/en\\\/treatments\\\/dental-implant\\\/prothese-dentaire-sur-implant\\\/\",\"name\":\"Les diff\u00e9rents types de proth\u00e8ses dentaires sur implants\",\"isPartOf\":{\"@id\":\"https:\\\/\\\/www.elcedrobarcelona.com\\\/en\\\/#website\"},\"datePublished\":\"2020-01-27T13:46:31+00:00\",\"dateModified\":\"2022-12-05T12:21:47+00:00\",\"description\":\"Lorsque toutes les dents d'une m\u00e2choire doivent \u00eatre restaur\u00e9es, diff\u00e9rentes proth\u00e8ses dentaires sur implants peuvent \u00eatre envisag\u00e9es. D\u00e9couvrez les !\",\"breadcrumb\":{\"@id\":\"https:\\\/\\\/www.elcedrobarcelona.com\\\/en\\\/treatments\\\/dental-implant\\\/prothese-dentaire-sur-implant\\\/#breadcrumb\"},\"inLanguage\":\"en-US\",\"potentialAction\":[{\"@type\":\"ReadAction\",\"target\":[\"https:\\\/\\\/www.elcedrobarcelona.com\\\/en\\\/treatments\\\/dental-implant\\\/prothese-dentaire-sur-implant\\\/\"]}]},{\"@type\":\"BreadcrumbList\",\"@id\":\"https:\\\/\\\/www.elcedrobarcelona.com\\\/en\\\/treatments\\\/dental-implant\\\/prothese-dentaire-sur-implant\\\/#breadcrumb\",\"itemListElement\":[{\"@type\":\"ListItem\",\"position\":1,\"name\":\"EL CEDRO\",\"item\":\"https:\\\/\\\/www.elcedrobarcelona.com\\\/en\\\/\"},{\"@type\":\"ListItem\",\"position\":2,\"name\":\"Treatments\",\"item\":\"https:\\\/\\\/www.elcedrobarcelona.com\\\/en\\\/treatments\\\/\"},{\"@type\":\"ListItem\",\"position\":3,\"name\":\"Dental implants\",\"item\":\"https:\\\/\\\/www.elcedrobarcelona.com\\\/en\\\/treatments\\\/dental-implant\\\/\"},{\"@type\":\"ListItem\",\"position\":4,\"name\":\"R\u00e9habilitation compl\u00e8te sur implants dentaires\"}]},{\"@type\":\"WebSite\",\"@id\":\"https:\\\/\\\/www.elcedrobarcelona.com\\\/en\\\/#website\",\"url\":\"https:\\\/\\\/www.elcedrobarcelona.com\\\/en\\\/\",\"name\":\"El Cedro\",\"description\":\"\",\"publisher\":{\"@id\":\"https:\\\/\\\/www.elcedrobarcelona.com\\\/en\\\/#organization\"},\"potentialAction\":[{\"@type\":\"SearchAction\",\"target\":{\"@type\":\"EntryPoint\",\"urlTemplate\":\"https:\\\/\\\/www.elcedrobarcelona.com\\\/en\\\/?s={search_term_string}\"},\"query-input\":{\"@type\":\"PropertyValueSpecification\",\"valueRequired\":true,\"valueName\":\"search_term_string\"}}],\"inLanguage\":\"en-US\"},{\"@type\":\"Organization\",\"@id\":\"https:\\\/\\\/www.elcedrobarcelona.com\\\/en\\\/#organization\",\"name\":\"El Cedro Barcelona\",\"url\":\"https:\\\/\\\/www.elcedrobarcelona.com\\\/en\\\/\",\"logo\":{\"@type\":\"ImageObject\",\"inLanguage\":\"en-US\",\"@id\":\"https:\\\/\\\/www.elcedrobarcelona.com\\\/en\\\/#\\\/schema\\\/logo\\\/image\\\/\",\"url\":\"https:\\\/\\\/www.elcedrobarcelona.com\\\/wp-content\\\/uploads\\\/Logo-El_Cedro_Barcelona.png\",\"contentUrl\":\"https:\\\/\\\/www.elcedrobarcelona.com\\\/wp-content\\\/uploads\\\/Logo-El_Cedro_Barcelona.png\",\"width\":1580,\"height\":286,\"caption\":\"El Cedro Barcelona\"},\"image\":{\"@id\":\"https:\\\/\\\/www.elcedrobarcelona.com\\\/en\\\/#\\\/schema\\\/logo\\\/image\\\/\"}}]}<\/script>\n<!-- \/ Yoast SEO plugin. -->","yoast_head_json":{"title":"Les diff\u00e9rents types de proth\u00e8ses dentaires sur implants","description":"Lorsque toutes les dents d'une m\u00e2choire doivent \u00eatre restaur\u00e9es, diff\u00e9rentes proth\u00e8ses dentaires sur implants peuvent \u00eatre envisag\u00e9es. D\u00e9couvrez les !","robots":{"index":"index","follow":"follow","max-snippet":"max-snippet:-1","max-image-preview":"max-image-preview:large","max-video-preview":"max-video-preview:-1"},"canonical":"https:\/\/www.elcedrobarcelona.com\/en\/treatments\/dental-implant\/prothese-dentaire-sur-implant\/","og_locale":"en_US","og_type":"article","og_title":"Les diff\u00e9rents types de proth\u00e8ses dentaires sur implants","og_description":"Lorsque toutes les dents d'une m\u00e2choire doivent \u00eatre restaur\u00e9es, diff\u00e9rentes proth\u00e8ses dentaires sur implants peuvent \u00eatre envisag\u00e9es. D\u00e9couvrez les !","og_url":"https:\/\/www.elcedrobarcelona.com\/en\/treatments\/dental-implant\/prothese-dentaire-sur-implant\/","og_site_name":"El Cedro","article_modified_time":"2022-12-05T12:21:47+00:00","twitter_card":"summary_large_image","schema":{"@context":"https:\/\/schema.org","@graph":[{"@type":"WebPage","@id":"https:\/\/www.elcedrobarcelona.com\/en\/treatments\/dental-implant\/prothese-dentaire-sur-implant\/","url":"https:\/\/www.elcedrobarcelona.com\/en\/treatments\/dental-implant\/prothese-dentaire-sur-implant\/","name":"Les diff\u00e9rents types de proth\u00e8ses dentaires sur implants","isPartOf":{"@id":"https:\/\/www.elcedrobarcelona.com\/en\/#website"},"datePublished":"2020-01-27T13:46:31+00:00","dateModified":"2022-12-05T12:21:47+00:00","description":"Lorsque toutes les dents d'une m\u00e2choire doivent \u00eatre restaur\u00e9es, diff\u00e9rentes proth\u00e8ses dentaires sur implants peuvent \u00eatre envisag\u00e9es. D\u00e9couvrez les !","breadcrumb":{"@id":"https:\/\/www.elcedrobarcelona.com\/en\/treatments\/dental-implant\/prothese-dentaire-sur-implant\/#breadcrumb"},"inLanguage":"en-US","potentialAction":[{"@type":"ReadAction","target":["https:\/\/www.elcedrobarcelona.com\/en\/treatments\/dental-implant\/prothese-dentaire-sur-implant\/"]}]},{"@type":"BreadcrumbList","@id":"https:\/\/www.elcedrobarcelona.com\/en\/treatments\/dental-implant\/prothese-dentaire-sur-implant\/#breadcrumb","itemListElement":[{"@type":"ListItem","position":1,"name":"EL CEDRO","item":"https:\/\/www.elcedrobarcelona.com\/en\/"},{"@type":"ListItem","position":2,"name":"Treatments","item":"https:\/\/www.elcedrobarcelona.com\/en\/treatments\/"},{"@type":"ListItem","position":3,"name":"Dental implants","item":"https:\/\/www.elcedrobarcelona.com\/en\/treatments\/dental-implant\/"},{"@type":"ListItem","position":4,"name":"R\u00e9habilitation compl\u00e8te sur implants dentaires"}]},{"@type":"WebSite","@id":"https:\/\/www.elcedrobarcelona.com\/en\/#website","url":"https:\/\/www.elcedrobarcelona.com\/en\/","name":"El Cedro","description":"","publisher":{"@id":"https:\/\/www.elcedrobarcelona.com\/en\/#organization"},"potentialAction":[{"@type":"SearchAction","target":{"@type":"EntryPoint","urlTemplate":"https:\/\/www.elcedrobarcelona.com\/en\/?s={search_term_string}"},"query-input":{"@type":"PropertyValueSpecification","valueRequired":true,"valueName":"search_term_string"}}],"inLanguage":"en-US"},{"@type":"Organization","@id":"https:\/\/www.elcedrobarcelona.com\/en\/#organization","name":"El Cedro Barcelona","url":"https:\/\/www.elcedrobarcelona.com\/en\/","logo":{"@type":"ImageObject","inLanguage":"en-US","@id":"https:\/\/www.elcedrobarcelona.com\/en\/#\/schema\/logo\/image\/","url":"https:\/\/www.elcedrobarcelona.com\/wp-content\/uploads\/Logo-El_Cedro_Barcelona.png","contentUrl":"https:\/\/www.elcedrobarcelona.com\/wp-content\/uploads\/Logo-El_Cedro_Barcelona.png","width":1580,"height":286,"caption":"El Cedro Barcelona"},"image":{"@id":"https:\/\/www.elcedrobarcelona.com\/en\/#\/schema\/logo\/image\/"}}]}},"_links":{"self":[{"href":"https:\/\/www.elcedrobarcelona.com\/en\/wp-json\/wp\/v2\/pages\/6928","targetHints":{"allow":["GET"]}}],"collection":[{"href":"https:\/\/www.elcedrobarcelona.com\/en\/wp-json\/wp\/v2\/pages"}],"about":[{"href":"https:\/\/www.elcedrobarcelona.com\/en\/wp-json\/wp\/v2\/types\/page"}],"author":[{"embeddable":true,"href":"https:\/\/www.elcedrobarcelona.com\/en\/wp-json\/wp\/v2\/users\/3"}],"replies":[{"embeddable":true,"href":"https:\/\/www.elcedrobarcelona.com\/en\/wp-json\/wp\/v2\/comments?post=6928"}],"version-history":[{"count":2,"href":"https:\/\/www.elcedrobarcelona.com\/en\/wp-json\/wp\/v2\/pages\/6928\/revisions"}],"predecessor-version":[{"id":6941,"href":"https:\/\/www.elcedrobarcelona.com\/en\/wp-json\/wp\/v2\/pages\/6928\/revisions\/6941"}],"up":[{"embeddable":true,"href":"https:\/\/www.elcedrobarcelona.com\/en\/wp-json\/wp\/v2\/pages\/2220"}],"wp:attachment":[{"href":"https:\/\/www.elcedrobarcelona.com\/en\/wp-json\/wp\/v2\/media?parent=6928"}],"curies":[{"name":"wp","href":"https:\/\/api.w.org\/{rel}","templated":true}]}}