
{"id":2553,"date":"2017-10-25T07:39:23","date_gmt":"2017-10-25T07:39:23","guid":{"rendered":"https:\/\/www.elcedrobarcelona.com\/clinic-el-cedro\/clinique-dentaire-espagne\/"},"modified":"2026-04-14T16:05:29","modified_gmt":"2026-04-14T14:05:29","slug":"clinica-dental-barcelona","status":"publish","type":"page","link":"https:\/\/www.elcedrobarcelona.com\/es\/clinic-el-cedro\/clinica-dental-barcelona\/","title":{"rendered":"Cl\u00ednica dental Espa\u00f1a &#8211; Barcelona"},"content":{"rendered":"","protected":false},"excerpt":{"rendered":"","protected":false},"author":1,"featured_media":0,"parent":2384,"menu_order":0,"comment_status":"closed","ping_status":"closed","template":"template-clinique.php","meta":{"_acf_changed":false,"om_disable_all_campaigns":false,"_monsterinsights_skip_tracking":false,"_monsterinsights_sitenote_active":false,"_monsterinsights_sitenote_note":"","_monsterinsights_sitenote_category":0,"footnotes":""},"class_list":["post-2553","page","type-page","status-publish","hentry"],"acf":[],"yoast_head":"<!-- This site is optimized with the Yoast SEO plugin v27.4 - https:\/\/yoast.com\/product\/yoast-seo-wordpress\/ -->\n<title>Cl\u00ednica dental Espa\u00f1a - Barcelona - EL CEDRO<\/title>\n<meta name=\"description\" content=\"EL CEDRO, su cl\u00ednica dental de referencia en Espa\u00f1a. Ahorre hasta un 50% en el precio de su tratamiento benefici\u00e1ndose de una atenci\u00f3n de calidad.\" \/>\n<meta name=\"robots\" content=\"index, follow, max-snippet:-1, max-image-preview:large, max-video-preview:-1\" \/>\n<link rel=\"canonical\" href=\"https:\/\/www.elcedrobarcelona.com\/es\/clinic-el-cedro\/clinica-dental-barcelona\/\" \/>\n<meta property=\"og:locale\" content=\"es_ES\" \/>\n<meta property=\"og:type\" content=\"article\" \/>\n<meta property=\"og:title\" content=\"Cl\u00ednica dental Espa\u00f1a - Barcelona - EL CEDRO\" \/>\n<meta property=\"og:description\" content=\"EL CEDRO, su cl\u00ednica dental de referencia en Espa\u00f1a. Ahorre hasta un 50% en el precio de su tratamiento benefici\u00e1ndose de una atenci\u00f3n de calidad.\" \/>\n<meta property=\"og:url\" content=\"https:\/\/www.elcedrobarcelona.com\/es\/clinic-el-cedro\/clinica-dental-barcelona\/\" \/>\n<meta property=\"og:site_name\" content=\"El Cedro\" \/>\n<meta property=\"article:modified_time\" content=\"2026-04-14T14:05:29+00:00\" \/>\n<meta name=\"twitter:card\" content=\"summary_large_image\" \/>\n<script type=\"application\/ld+json\" class=\"yoast-schema-graph\">{\"@context\":\"https:\\\/\\\/schema.org\",\"@graph\":[{\"@type\":\"WebPage\",\"@id\":\"https:\\\/\\\/www.elcedrobarcelona.com\\\/es\\\/clinic-el-cedro\\\/clinica-dental-barcelona\\\/\",\"url\":\"https:\\\/\\\/www.elcedrobarcelona.com\\\/es\\\/clinic-el-cedro\\\/clinica-dental-barcelona\\\/\",\"name\":\"Cl\u00ednica dental Espa\u00f1a - Barcelona - EL CEDRO\",\"isPartOf\":{\"@id\":\"https:\\\/\\\/www.elcedrobarcelona.com\\\/es\\\/#website\"},\"datePublished\":\"2017-10-25T07:39:23+00:00\",\"dateModified\":\"2026-04-14T14:05:29+00:00\",\"description\":\"EL CEDRO, su cl\u00ednica dental de referencia en Espa\u00f1a. Ahorre hasta un 50% en el precio de su tratamiento benefici\u00e1ndose de una atenci\u00f3n de calidad.\",\"breadcrumb\":{\"@id\":\"https:\\\/\\\/www.elcedrobarcelona.com\\\/es\\\/clinic-el-cedro\\\/clinica-dental-barcelona\\\/#breadcrumb\"},\"inLanguage\":\"es\",\"potentialAction\":[{\"@type\":\"ReadAction\",\"target\":[\"https:\\\/\\\/www.elcedrobarcelona.com\\\/es\\\/clinic-el-cedro\\\/clinica-dental-barcelona\\\/\"]}]},{\"@type\":\"BreadcrumbList\",\"@id\":\"https:\\\/\\\/www.elcedrobarcelona.com\\\/es\\\/clinic-el-cedro\\\/clinica-dental-barcelona\\\/#breadcrumb\",\"itemListElement\":[{\"@type\":\"ListItem\",\"position\":1,\"name\":\"EL CEDRO\",\"item\":\"https:\\\/\\\/www.elcedrobarcelona.com\\\/es\\\/\"},{\"@type\":\"ListItem\",\"position\":2,\"name\":\"Clinic El Cedro\",\"item\":\"https:\\\/\\\/www.elcedrobarcelona.com\\\/es\\\/clinic-el-cedro\\\/\"},{\"@type\":\"ListItem\",\"position\":3,\"name\":\"Cl\u00ednica dental Espa\u00f1a &#8211; Barcelona\"}]},{\"@type\":\"WebSite\",\"@id\":\"https:\\\/\\\/www.elcedrobarcelona.com\\\/es\\\/#website\",\"url\":\"https:\\\/\\\/www.elcedrobarcelona.com\\\/es\\\/\",\"name\":\"El Cedro\",\"description\":\"\",\"publisher\":{\"@id\":\"https:\\\/\\\/www.elcedrobarcelona.com\\\/es\\\/#organization\"},\"potentialAction\":[{\"@type\":\"SearchAction\",\"target\":{\"@type\":\"EntryPoint\",\"urlTemplate\":\"https:\\\/\\\/www.elcedrobarcelona.com\\\/es\\\/?s={search_term_string}\"},\"query-input\":{\"@type\":\"PropertyValueSpecification\",\"valueRequired\":true,\"valueName\":\"search_term_string\"}}],\"inLanguage\":\"es\"},{\"@type\":\"Organization\",\"@id\":\"https:\\\/\\\/www.elcedrobarcelona.com\\\/es\\\/#organization\",\"name\":\"El Cedro Barcelona\",\"url\":\"https:\\\/\\\/www.elcedrobarcelona.com\\\/es\\\/\",\"logo\":{\"@type\":\"ImageObject\",\"inLanguage\":\"es\",\"@id\":\"https:\\\/\\\/www.elcedrobarcelona.com\\\/es\\\/#\\\/schema\\\/logo\\\/image\\\/\",\"url\":\"https:\\\/\\\/www.elcedrobarcelona.com\\\/wp-content\\\/uploads\\\/Logo-El_Cedro_Barcelona.png\",\"contentUrl\":\"https:\\\/\\\/www.elcedrobarcelona.com\\\/wp-content\\\/uploads\\\/Logo-El_Cedro_Barcelona.png\",\"width\":1580,\"height\":286,\"caption\":\"El Cedro Barcelona\"},\"image\":{\"@id\":\"https:\\\/\\\/www.elcedrobarcelona.com\\\/es\\\/#\\\/schema\\\/logo\\\/image\\\/\"}}]}<\/script>\n<!-- \/ Yoast SEO plugin. -->","yoast_head_json":{"title":"Cl\u00ednica dental Espa\u00f1a - Barcelona - EL CEDRO","description":"EL CEDRO, su cl\u00ednica dental de referencia en Espa\u00f1a. Ahorre hasta un 50% en el precio de su tratamiento benefici\u00e1ndose de una atenci\u00f3n de calidad.","robots":{"index":"index","follow":"follow","max-snippet":"max-snippet:-1","max-image-preview":"max-image-preview:large","max-video-preview":"max-video-preview:-1"},"canonical":"https:\/\/www.elcedrobarcelona.com\/es\/clinic-el-cedro\/clinica-dental-barcelona\/","og_locale":"es_ES","og_type":"article","og_title":"Cl\u00ednica dental Espa\u00f1a - Barcelona - EL CEDRO","og_description":"EL CEDRO, su cl\u00ednica dental de referencia en Espa\u00f1a. Ahorre hasta un 50% en el precio de su tratamiento benefici\u00e1ndose de una atenci\u00f3n de calidad.","og_url":"https:\/\/www.elcedrobarcelona.com\/es\/clinic-el-cedro\/clinica-dental-barcelona\/","og_site_name":"El Cedro","article_modified_time":"2026-04-14T14:05:29+00:00","twitter_card":"summary_large_image","schema":{"@context":"https:\/\/schema.org","@graph":[{"@type":"WebPage","@id":"https:\/\/www.elcedrobarcelona.com\/es\/clinic-el-cedro\/clinica-dental-barcelona\/","url":"https:\/\/www.elcedrobarcelona.com\/es\/clinic-el-cedro\/clinica-dental-barcelona\/","name":"Cl\u00ednica dental Espa\u00f1a - Barcelona - EL CEDRO","isPartOf":{"@id":"https:\/\/www.elcedrobarcelona.com\/es\/#website"},"datePublished":"2017-10-25T07:39:23+00:00","dateModified":"2026-04-14T14:05:29+00:00","description":"EL CEDRO, su cl\u00ednica dental de referencia en Espa\u00f1a. Ahorre hasta un 50% en el precio de su tratamiento benefici\u00e1ndose de una atenci\u00f3n de calidad.","breadcrumb":{"@id":"https:\/\/www.elcedrobarcelona.com\/es\/clinic-el-cedro\/clinica-dental-barcelona\/#breadcrumb"},"inLanguage":"es","potentialAction":[{"@type":"ReadAction","target":["https:\/\/www.elcedrobarcelona.com\/es\/clinic-el-cedro\/clinica-dental-barcelona\/"]}]},{"@type":"BreadcrumbList","@id":"https:\/\/www.elcedrobarcelona.com\/es\/clinic-el-cedro\/clinica-dental-barcelona\/#breadcrumb","itemListElement":[{"@type":"ListItem","position":1,"name":"EL CEDRO","item":"https:\/\/www.elcedrobarcelona.com\/es\/"},{"@type":"ListItem","position":2,"name":"Clinic El Cedro","item":"https:\/\/www.elcedrobarcelona.com\/es\/clinic-el-cedro\/"},{"@type":"ListItem","position":3,"name":"Cl\u00ednica dental Espa\u00f1a &#8211; Barcelona"}]},{"@type":"WebSite","@id":"https:\/\/www.elcedrobarcelona.com\/es\/#website","url":"https:\/\/www.elcedrobarcelona.com\/es\/","name":"El Cedro","description":"","publisher":{"@id":"https:\/\/www.elcedrobarcelona.com\/es\/#organization"},"potentialAction":[{"@type":"SearchAction","target":{"@type":"EntryPoint","urlTemplate":"https:\/\/www.elcedrobarcelona.com\/es\/?s={search_term_string}"},"query-input":{"@type":"PropertyValueSpecification","valueRequired":true,"valueName":"search_term_string"}}],"inLanguage":"es"},{"@type":"Organization","@id":"https:\/\/www.elcedrobarcelona.com\/es\/#organization","name":"El Cedro Barcelona","url":"https:\/\/www.elcedrobarcelona.com\/es\/","logo":{"@type":"ImageObject","inLanguage":"es","@id":"https:\/\/www.elcedrobarcelona.com\/es\/#\/schema\/logo\/image\/","url":"https:\/\/www.elcedrobarcelona.com\/wp-content\/uploads\/Logo-El_Cedro_Barcelona.png","contentUrl":"https:\/\/www.elcedrobarcelona.com\/wp-content\/uploads\/Logo-El_Cedro_Barcelona.png","width":1580,"height":286,"caption":"El Cedro Barcelona"},"image":{"@id":"https:\/\/www.elcedrobarcelona.com\/es\/#\/schema\/logo\/image\/"}}]}},"_links":{"self":[{"href":"https:\/\/www.elcedrobarcelona.com\/es\/wp-json\/wp\/v2\/pages\/2553","targetHints":{"allow":["GET"]}}],"collection":[{"href":"https:\/\/www.elcedrobarcelona.com\/es\/wp-json\/wp\/v2\/pages"}],"about":[{"href":"https:\/\/www.elcedrobarcelona.com\/es\/wp-json\/wp\/v2\/types\/page"}],"author":[{"embeddable":true,"href":"https:\/\/www.elcedrobarcelona.com\/es\/wp-json\/wp\/v2\/users\/1"}],"replies":[{"embeddable":true,"href":"https:\/\/www.elcedrobarcelona.com\/es\/wp-json\/wp\/v2\/comments?post=2553"}],"version-history":[{"count":2,"href":"https:\/\/www.elcedrobarcelona.com\/es\/wp-json\/wp\/v2\/pages\/2553\/revisions"}],"predecessor-version":[{"id":10122,"href":"https:\/\/www.elcedrobarcelona.com\/es\/wp-json\/wp\/v2\/pages\/2553\/revisions\/10122"}],"up":[{"embeddable":true,"href":"https:\/\/www.elcedrobarcelona.com\/es\/wp-json\/wp\/v2\/pages\/2384"}],"wp:attachment":[{"href":"https:\/\/www.elcedrobarcelona.com\/es\/wp-json\/wp\/v2\/media?parent=2553"}],"curies":[{"name":"wp","href":"https:\/\/api.w.org\/{rel}","templated":true}]}}