
{"id":2644,"date":"2017-10-23T14:05:26","date_gmt":"2017-10-23T14:05:26","guid":{"rendered":"https:\/\/www.elcedrobarcelona.com\/traitements\/bilan-dentaire\/"},"modified":"2026-04-16T10:41:37","modified_gmt":"2026-04-16T08:41:37","slug":"diagnostico-dental","status":"publish","type":"page","link":"https:\/\/www.elcedrobarcelona.com\/es\/tratamientos\/diagnostico-dental\/","title":{"rendered":"Diagn\u00f3stico dental"},"content":{"rendered":"","protected":false},"excerpt":{"rendered":"","protected":false},"author":1,"featured_media":0,"parent":2643,"menu_order":0,"comment_status":"closed","ping_status":"closed","template":"template-treatments-form.php","meta":{"_acf_changed":false,"om_disable_all_campaigns":false,"_monsterinsights_skip_tracking":false,"_monsterinsights_sitenote_active":false,"_monsterinsights_sitenote_note":"","_monsterinsights_sitenote_category":0,"footnotes":""},"class_list":["post-2644","page","type-page","status-publish","hentry"],"acf":[],"yoast_head":"<!-- This site is optimized with the Yoast SEO plugin v27.5 - https:\/\/yoast.com\/product\/yoast-seo-wordpress\/ -->\n<title>Su diagn\u00f3stico dental gratuito y sin compromiso en Barcelona - EL CEDRO<\/title>\n<meta name=\"description\" content=\"El diagn\u00f3stico dental permite examinar su situaci\u00f3n bucodental y proponerle la soluci\u00f3n de tratamiento m\u00e1s adecuada a sus problemas dentales. Gratuito en EL CEDRO Barcelona.\" \/>\n<meta name=\"robots\" content=\"index, follow, max-snippet:-1, max-image-preview:large, max-video-preview:-1\" \/>\n<link rel=\"canonical\" href=\"https:\/\/www.elcedrobarcelona.com\/es\/tratamientos\/diagnostico-dental\/\" \/>\n<meta property=\"og:locale\" content=\"es_ES\" \/>\n<meta property=\"og:type\" content=\"article\" \/>\n<meta property=\"og:title\" content=\"Su diagn\u00f3stico dental gratuito y sin compromiso en Barcelona - EL CEDRO\" \/>\n<meta property=\"og:description\" content=\"El diagn\u00f3stico dental permite examinar su situaci\u00f3n bucodental y proponerle la soluci\u00f3n de tratamiento m\u00e1s adecuada a sus problemas dentales. Gratuito en EL CEDRO Barcelona.\" \/>\n<meta property=\"og:url\" content=\"https:\/\/www.elcedrobarcelona.com\/es\/tratamientos\/diagnostico-dental\/\" \/>\n<meta property=\"og:site_name\" content=\"El Cedro\" \/>\n<meta property=\"article:modified_time\" content=\"2026-04-16T08:41:37+00:00\" \/>\n<meta name=\"twitter:card\" content=\"summary_large_image\" \/>\n<script type=\"application\/ld+json\" class=\"yoast-schema-graph\">{\"@context\":\"https:\\\/\\\/schema.org\",\"@graph\":[{\"@type\":\"WebPage\",\"@id\":\"https:\\\/\\\/www.elcedrobarcelona.com\\\/es\\\/tratamientos\\\/diagnostico-dental\\\/\",\"url\":\"https:\\\/\\\/www.elcedrobarcelona.com\\\/es\\\/tratamientos\\\/diagnostico-dental\\\/\",\"name\":\"Su diagn\u00f3stico dental gratuito y sin compromiso en Barcelona - EL CEDRO\",\"isPartOf\":{\"@id\":\"https:\\\/\\\/www.elcedrobarcelona.com\\\/es\\\/#website\"},\"datePublished\":\"2017-10-23T14:05:26+00:00\",\"dateModified\":\"2026-04-16T08:41:37+00:00\",\"description\":\"El diagn\u00f3stico dental permite examinar su situaci\u00f3n bucodental y proponerle la soluci\u00f3n de tratamiento m\u00e1s adecuada a sus problemas dentales. Gratuito en EL CEDRO Barcelona.\",\"breadcrumb\":{\"@id\":\"https:\\\/\\\/www.elcedrobarcelona.com\\\/es\\\/tratamientos\\\/diagnostico-dental\\\/#breadcrumb\"},\"inLanguage\":\"es\",\"potentialAction\":[{\"@type\":\"ReadAction\",\"target\":[\"https:\\\/\\\/www.elcedrobarcelona.com\\\/es\\\/tratamientos\\\/diagnostico-dental\\\/\"]}]},{\"@type\":\"BreadcrumbList\",\"@id\":\"https:\\\/\\\/www.elcedrobarcelona.com\\\/es\\\/tratamientos\\\/diagnostico-dental\\\/#breadcrumb\",\"itemListElement\":[{\"@type\":\"ListItem\",\"position\":1,\"name\":\"EL CEDRO\",\"item\":\"https:\\\/\\\/www.elcedrobarcelona.com\\\/es\\\/\"},{\"@type\":\"ListItem\",\"position\":2,\"name\":\"Tratamientos\",\"item\":\"https:\\\/\\\/www.elcedrobarcelona.com\\\/es\\\/tratamientos\\\/\"},{\"@type\":\"ListItem\",\"position\":3,\"name\":\"Diagn\u00f3stico dental\"}]},{\"@type\":\"WebSite\",\"@id\":\"https:\\\/\\\/www.elcedrobarcelona.com\\\/es\\\/#website\",\"url\":\"https:\\\/\\\/www.elcedrobarcelona.com\\\/es\\\/\",\"name\":\"El Cedro\",\"description\":\"\",\"publisher\":{\"@id\":\"https:\\\/\\\/www.elcedrobarcelona.com\\\/es\\\/#organization\"},\"potentialAction\":[{\"@type\":\"SearchAction\",\"target\":{\"@type\":\"EntryPoint\",\"urlTemplate\":\"https:\\\/\\\/www.elcedrobarcelona.com\\\/es\\\/?s={search_term_string}\"},\"query-input\":{\"@type\":\"PropertyValueSpecification\",\"valueRequired\":true,\"valueName\":\"search_term_string\"}}],\"inLanguage\":\"es\"},{\"@type\":\"Organization\",\"@id\":\"https:\\\/\\\/www.elcedrobarcelona.com\\\/es\\\/#organization\",\"name\":\"El Cedro Barcelona\",\"url\":\"https:\\\/\\\/www.elcedrobarcelona.com\\\/es\\\/\",\"logo\":{\"@type\":\"ImageObject\",\"inLanguage\":\"es\",\"@id\":\"https:\\\/\\\/www.elcedrobarcelona.com\\\/es\\\/#\\\/schema\\\/logo\\\/image\\\/\",\"url\":\"https:\\\/\\\/www.elcedrobarcelona.com\\\/wp-content\\\/uploads\\\/Logo-El_Cedro_Barcelona.png\",\"contentUrl\":\"https:\\\/\\\/www.elcedrobarcelona.com\\\/wp-content\\\/uploads\\\/Logo-El_Cedro_Barcelona.png\",\"width\":1580,\"height\":286,\"caption\":\"El Cedro Barcelona\"},\"image\":{\"@id\":\"https:\\\/\\\/www.elcedrobarcelona.com\\\/es\\\/#\\\/schema\\\/logo\\\/image\\\/\"}}]}<\/script>\n<!-- \/ Yoast SEO plugin. -->","yoast_head_json":{"title":"Su diagn\u00f3stico dental gratuito y sin compromiso en Barcelona - EL CEDRO","description":"El diagn\u00f3stico dental permite examinar su situaci\u00f3n bucodental y proponerle la soluci\u00f3n de tratamiento m\u00e1s adecuada a sus problemas dentales. Gratuito en EL CEDRO Barcelona.","robots":{"index":"index","follow":"follow","max-snippet":"max-snippet:-1","max-image-preview":"max-image-preview:large","max-video-preview":"max-video-preview:-1"},"canonical":"https:\/\/www.elcedrobarcelona.com\/es\/tratamientos\/diagnostico-dental\/","og_locale":"es_ES","og_type":"article","og_title":"Su diagn\u00f3stico dental gratuito y sin compromiso en Barcelona - EL CEDRO","og_description":"El diagn\u00f3stico dental permite examinar su situaci\u00f3n bucodental y proponerle la soluci\u00f3n de tratamiento m\u00e1s adecuada a sus problemas dentales. Gratuito en EL CEDRO Barcelona.","og_url":"https:\/\/www.elcedrobarcelona.com\/es\/tratamientos\/diagnostico-dental\/","og_site_name":"El Cedro","article_modified_time":"2026-04-16T08:41:37+00:00","twitter_card":"summary_large_image","schema":{"@context":"https:\/\/schema.org","@graph":[{"@type":"WebPage","@id":"https:\/\/www.elcedrobarcelona.com\/es\/tratamientos\/diagnostico-dental\/","url":"https:\/\/www.elcedrobarcelona.com\/es\/tratamientos\/diagnostico-dental\/","name":"Su diagn\u00f3stico dental gratuito y sin compromiso en Barcelona - EL CEDRO","isPartOf":{"@id":"https:\/\/www.elcedrobarcelona.com\/es\/#website"},"datePublished":"2017-10-23T14:05:26+00:00","dateModified":"2026-04-16T08:41:37+00:00","description":"El diagn\u00f3stico dental permite examinar su situaci\u00f3n bucodental y proponerle la soluci\u00f3n de tratamiento m\u00e1s adecuada a sus problemas dentales. Gratuito en EL CEDRO Barcelona.","breadcrumb":{"@id":"https:\/\/www.elcedrobarcelona.com\/es\/tratamientos\/diagnostico-dental\/#breadcrumb"},"inLanguage":"es","potentialAction":[{"@type":"ReadAction","target":["https:\/\/www.elcedrobarcelona.com\/es\/tratamientos\/diagnostico-dental\/"]}]},{"@type":"BreadcrumbList","@id":"https:\/\/www.elcedrobarcelona.com\/es\/tratamientos\/diagnostico-dental\/#breadcrumb","itemListElement":[{"@type":"ListItem","position":1,"name":"EL CEDRO","item":"https:\/\/www.elcedrobarcelona.com\/es\/"},{"@type":"ListItem","position":2,"name":"Tratamientos","item":"https:\/\/www.elcedrobarcelona.com\/es\/tratamientos\/"},{"@type":"ListItem","position":3,"name":"Diagn\u00f3stico dental"}]},{"@type":"WebSite","@id":"https:\/\/www.elcedrobarcelona.com\/es\/#website","url":"https:\/\/www.elcedrobarcelona.com\/es\/","name":"El Cedro","description":"","publisher":{"@id":"https:\/\/www.elcedrobarcelona.com\/es\/#organization"},"potentialAction":[{"@type":"SearchAction","target":{"@type":"EntryPoint","urlTemplate":"https:\/\/www.elcedrobarcelona.com\/es\/?s={search_term_string}"},"query-input":{"@type":"PropertyValueSpecification","valueRequired":true,"valueName":"search_term_string"}}],"inLanguage":"es"},{"@type":"Organization","@id":"https:\/\/www.elcedrobarcelona.com\/es\/#organization","name":"El Cedro Barcelona","url":"https:\/\/www.elcedrobarcelona.com\/es\/","logo":{"@type":"ImageObject","inLanguage":"es","@id":"https:\/\/www.elcedrobarcelona.com\/es\/#\/schema\/logo\/image\/","url":"https:\/\/www.elcedrobarcelona.com\/wp-content\/uploads\/Logo-El_Cedro_Barcelona.png","contentUrl":"https:\/\/www.elcedrobarcelona.com\/wp-content\/uploads\/Logo-El_Cedro_Barcelona.png","width":1580,"height":286,"caption":"El Cedro Barcelona"},"image":{"@id":"https:\/\/www.elcedrobarcelona.com\/es\/#\/schema\/logo\/image\/"}}]}},"_links":{"self":[{"href":"https:\/\/www.elcedrobarcelona.com\/es\/wp-json\/wp\/v2\/pages\/2644","targetHints":{"allow":["GET"]}}],"collection":[{"href":"https:\/\/www.elcedrobarcelona.com\/es\/wp-json\/wp\/v2\/pages"}],"about":[{"href":"https:\/\/www.elcedrobarcelona.com\/es\/wp-json\/wp\/v2\/types\/page"}],"author":[{"embeddable":true,"href":"https:\/\/www.elcedrobarcelona.com\/es\/wp-json\/wp\/v2\/users\/1"}],"replies":[{"embeddable":true,"href":"https:\/\/www.elcedrobarcelona.com\/es\/wp-json\/wp\/v2\/comments?post=2644"}],"version-history":[{"count":5,"href":"https:\/\/www.elcedrobarcelona.com\/es\/wp-json\/wp\/v2\/pages\/2644\/revisions"}],"predecessor-version":[{"id":10229,"href":"https:\/\/www.elcedrobarcelona.com\/es\/wp-json\/wp\/v2\/pages\/2644\/revisions\/10229"}],"up":[{"embeddable":true,"href":"https:\/\/www.elcedrobarcelona.com\/es\/wp-json\/wp\/v2\/pages\/2643"}],"wp:attachment":[{"href":"https:\/\/www.elcedrobarcelona.com\/es\/wp-json\/wp\/v2\/media?parent=2644"}],"curies":[{"name":"wp","href":"https:\/\/api.w.org\/{rel}","templated":true}]}}